{"id":19064,"date":"2015-05-20T12:23:43","date_gmt":"2015-05-20T10:23:43","guid":{"rendered":"https:\/\/undsgn.com\/uncode\/?page_id=19064"},"modified":"2020-10-26T15:36:28","modified_gmt":"2020-10-26T14:36:28","slug":"classic-studio","status":"publish","type":"page","link":"https:\/\/mode-luisa.com\/","title":{"rendered":"Startseite"},"content":{"rendered":"<p>[vc_row row_height_percent=&#8220;100&#8243; override_padding=&#8220;yes&#8220; h_padding=&#8220;2&#8243; top_padding=&#8220;0&#8243; bottom_padding=&#8220;3&#8243; back_color=&#8220;color-wayh&#8220; back_image=&#8220;86990&#8243; back_position=&#8220;center bottom&#8220; parallax=&#8220;yes&#8220; overlay_color=&#8220;color-wayh&#8220; overlay_alpha=&#8220;45&#8243; gutter_size=&#8220;3&#8243; column_width_percent=&#8220;100&#8243; shift_y=&#8220;0&#8243; z_index=&#8220;0&#8243; row_name=&#8220;Welcome&#8220;][vc_column column_width_use_pixel=&#8220;yes&#8220; align_horizontal=&#8220;align_center&#8220; gutter_size=&#8220;2&#8243; override_padding=&#8220;yes&#8220; column_padding=&#8220;0&#8243; style=&#8220;dark&#8220; overlay_alpha=&#8220;50&#8243; shift_x=&#8220;0&#8243; shift_y=&#8220;0&#8243; shift_y_down=&#8220;0&#8243; z_index=&#8220;0&#8243; medium_width=&#8220;0&#8243; mobile_width=&#8220;0&#8243; zoom_width=&#8220;0&#8243; zoom_height=&#8220;0&#8243; width=&#8220;1\/1&#8243; column_width_pixel=&#8220;1500&#8243;][vc_row_inner row_inner_height_percent=&#8220;79&#8243; overlay_alpha=&#8220;50&#8243; gutter_size=&#8220;3&#8243; shift_y=&#8220;0&#8243; z_index=&#8220;0&#8243; limit_content=&#8220;&#8220;][vc_column_inner column_width_use_pixel=&#8220;yes&#8220; align_horizontal=&#8220;align_center&#8220; gutter_size=&#8220;3&#8243; style=&#8220;dark&#8220; overlay_alpha=&#8220;50&#8243; shift_x=&#8220;0&#8243; shift_y=&#8220;0&#8243; shift_y_down=&#8220;0&#8243; z_index=&#8220;0&#8243; medium_width=&#8220;0&#8243; mobile_width=&#8220;0&#8243; width=&#8220;1\/1&#8243; column_width_pixel=&#8220;900&#8243;][vc_custom_heading heading_semantic=&#8220;h1&#8243; text_font=&#8220;font-156269&#8243; text_size=&#8220;fontsize-155944&#8243; text_weight=&#8220;400&#8243; text_transform=&#8220;uppercase&#8220; text_space=&#8220;fontspace-111509&#8243; css_animation=&#8220;curtain&#8220; animation_delay=&#8220;600&#8243; interval_animation=&#8220;200&#8243;]<\/p>\n<h1><span class=\"font-329340\">Modeboutique f\u00fcr Sie und Ihn <\/span><\/h1>\n<h2>in Burg Spreewald<\/h2>\n<p>[\/vc_custom_heading][\/vc_column_inner][\/vc_row_inner][\/vc_column][\/vc_row][vc_row row_height_percent=&#8220;0&#8243; override_padding=&#8220;yes&#8220; h_padding=&#8220;2&#8243; top_padding=&#8220;4&#8243; bottom_padding=&#8220;4&#8243; back_color=&#8220;color-xsdn&#8220; overlay_alpha=&#8220;50&#8243; gutter_size=&#8220;3&#8243; column_width_percent=&#8220;100&#8243; shift_y=&#8220;0&#8243; z_index=&#8220;0&#8243;][vc_column column_width_percent=&#8220;100&#8243; position_vertical=&#8220;middle&#8220; gutter_size=&#8220;4&#8243; overlay_alpha=&#8220;50&#8243; shift_x=&#8220;0&#8243; shift_y=&#8220;0&#8243; shift_y_down=&#8220;0&#8243; z_index=&#8220;0&#8243; medium_width=&#8220;0&#8243; mobile_width=&#8220;0&#8243; width=&#8220;1\/1&#8243;][vc_row_inner row_inner_height_percent=&#8220;0&#8243; overlay_alpha=&#8220;50&#8243; gutter_size=&#8220;4&#8243; shift_y=&#8220;0&#8243; z_index=&#8220;0&#8243; limit_content=&#8220;&#8220;][vc_column_inner column_width_percent=&#8220;100&#8243; align_horizontal=&#8220;align_center&#8220; gutter_size=&#8220;3&#8243; overlay_alpha=&#8220;50&#8243; shift_x=&#8220;0&#8243; shift_y=&#8220;0&#8243; shift_y_down=&#8220;0&#8243; z_index=&#8220;0&#8243; medium_width=&#8220;3&#8243; align_mobile=&#8220;align_center_mobile&#8220; mobile_width=&#8220;0&#8243; width=&#8220;1\/3&#8243;][vc_icon icon=&#8220;fa fa-linegraph&#8220; icon_image=&#8220;86981&#8243; media_size=&#8220;50&#8243;][\/vc_icon][vc_custom_heading heading_semantic=&#8220;h3&#8243; text_font=&#8220;font-156269&#8243; text_size=&#8220;fontsize-160000&#8243; text_transform=&#8220;uppercase&#8220; text_space=&#8220;fontspace-210350&#8243;]Hochwertige Kleidung[\/vc_custom_heading][vc_column_text]Wir f\u00fchren nur das Beste vom Besten. Hochwertige Kleidung mit einer unvergleichlichen Qualit\u00e4t. Unser Angebot erstreckt sich \u00fcber die Topfirmen Europas.[\/vc_column_text][\/vc_column_inner][vc_column_inner column_width_percent=&#8220;100&#8243; align_horizontal=&#8220;align_center&#8220; gutter_size=&#8220;3&#8243; overlay_alpha=&#8220;50&#8243; shift_x=&#8220;0&#8243; shift_y=&#8220;0&#8243; shift_y_down=&#8220;0&#8243; z_index=&#8220;0&#8243; medium_width=&#8220;3&#8243; align_mobile=&#8220;align_center_mobile&#8220; mobile_width=&#8220;0&#8243; width=&#8220;1\/3&#8243;][vc_icon icon=&#8220;fa fa-pencil2&#8243; icon_image=&#8220;86980&#8243; media_size=&#8220;50&#8243;][\/vc_icon][vc_custom_heading heading_semantic=&#8220;h3&#8243; text_font=&#8220;font-156269&#8243; text_size=&#8220;fontsize-160000&#8243; text_transform=&#8220;uppercase&#8220; text_space=&#8220;fontspace-210350&#8243;]Stilberatung[\/vc_custom_heading][vc_column_text]Tauchen Sie ein in eine Beratung nach dem Motto, der Kunde ist K\u00f6nig. Unser Ziel ist Sie zufrieden zu stellen mit einer individuellen Stilberatung ganz nach Ihrem Geschmack.[\/vc_column_text][\/vc_column_inner][vc_column_inner column_width_percent=&#8220;100&#8243; align_horizontal=&#8220;align_center&#8220; gutter_size=&#8220;3&#8243; overlay_alpha=&#8220;50&#8243; shift_x=&#8220;0&#8243; shift_y=&#8220;0&#8243; shift_y_down=&#8220;0&#8243; z_index=&#8220;0&#8243; medium_width=&#8220;3&#8243; align_mobile=&#8220;align_center_mobile&#8220; mobile_width=&#8220;0&#8243; width=&#8220;1\/3&#8243;][vc_icon icon=&#8220;fa fa-circle-compass&#8220; icon_image=&#8220;86976&#8243; media_size=&#8220;50&#8243; text_size=&#8220;&#8220;][\/vc_icon][vc_custom_heading heading_semantic=&#8220;h3&#8243; text_font=&#8220;font-156269&#8243; text_size=&#8220;fontsize-160000&#8243; text_transform=&#8220;uppercase&#8220; text_space=&#8220;fontspace-210350&#8243;]Ma\u00dfanpassung[\/vc_custom_heading][vc_column_text]Wir kennen das alle, man hat sich f\u00fcr etwas entschieden und es passt nicht hundertprozentig. Bei Mode Luisa setzt sich die Chefin h\u00f6chstpers\u00f6nlich an die perfekte Ma\u00dfanpassung f\u00fcr Ihren Tragekomfort.[\/vc_column_text][\/vc_column_inner][\/vc_row_inner][\/vc_column][\/vc_row][vc_row unlock_row_content=&#8220;yes&#8220; row_height_percent=&#8220;20&#8243; override_padding=&#8220;yes&#8220; h_padding=&#8220;0&#8243; top_padding=&#8220;2&#8243; bottom_padding=&#8220;3&#8243; back_color=&#8220;color-gyho&#8220; overlay_alpha=&#8220;50&#8243; gutter_size=&#8220;3&#8243; column_width_percent=&#8220;100&#8243; border_color=&#8220;color-gyho&#8220; border_style=&#8220;solid&#8220; shift_y=&#8220;0&#8243; z_index=&#8220;0&#8243; css=&#8220;.vc_custom_1548093003763{border-bottom-width: 1px !important;}&#8220;][vc_column column_width_percent=&#8220;100&#8243; gutter_size=&#8220;3&#8243; overlay_alpha=&#8220;50&#8243; shift_x=&#8220;0&#8243; shift_y=&#8220;-5&#8243; shift_y_fixed=&#8220;yes&#8220; z_index=&#8220;0&#8243; medium_width=&#8220;0&#8243; width=&#8220;1\/1&#8243;][vc_empty_space empty_h=&#8220;4&#8243;][vc_gallery el_id=&#8220;gallery-1&#8243; type=&#8220;carousel&#8220; medias=&#8220;87007,87008,87006,87005,87004&#8243; carousel_lg=&#8220;1&#8243; carousel_md=&#8220;1&#8243; carousel_sm=&#8220;1&#8243; thumb_size=&#8220;three-two&#8220; gutter_size=&#8220;6&#8243; carousel_interval=&#8220;0&#8243; carousel_navspeed=&#8220;400&#8243; carousel_loop=&#8220;yes&#8220; carousel_dots=&#8220;yes&#8220; carousel_dots_mobile=&#8220;yes&#8220; stage_padding=&#8220;45&#8243; single_shape=&#8220;round&#8220; radius=&#8220;xs&#8220; single_overlay_opacity=&#8220;50&#8243; single_overlay_anim=&#8220;no&#8220; single_text_anim=&#8220;no&#8220; single_image_anim=&#8220;no&#8220; single_padding=&#8220;2&#8243; single_shadow=&#8220;yes&#8220; single_border=&#8220;yes&#8220; single_css_animation=&#8220;bottom-t-top&#8220; single_animation_delay=&#8220;200&#8243; lbox_caption=&#8220;yes&#8220;][\/vc_column][\/vc_row][vc_row row_height_percent=&#8220;100&#8243; override_padding=&#8220;yes&#8220; h_padding=&#8220;3&#8243; top_padding=&#8220;4&#8243; bottom_padding=&#8220;4&#8243; back_color=&#8220;color-lxmt&#8220; overlay_alpha=&#8220;50&#8243; gutter_size=&#8220;4&#8243; column_width_percent=&#8220;100&#8243; shift_y=&#8220;0&#8243; z_index=&#8220;0&#8243; row_name=&#8220;Team&#8220;][vc_column column_width_percent=&#8220;100&#8243; position_vertical=&#8220;middle&#8220; gutter_size=&#8220;4&#8243; overlay_alpha=&#8220;50&#8243; shift_x=&#8220;0&#8243; shift_y=&#8220;0&#8243; shift_y_down=&#8220;0&#8243; z_index=&#8220;0&#8243; medium_width=&#8220;5&#8243; align_mobile=&#8220;align_center_mobile&#8220; mobile_width=&#8220;0&#8243; width=&#8220;2\/3&#8243;][vc_row_inner row_inner_height_percent=&#8220;0&#8243; overlay_alpha=&#8220;50&#8243; gutter_size=&#8220;4&#8243; shift_y=&#8220;0&#8243; z_index=&#8220;0&#8243; limit_content=&#8220;&#8220;][vc_column_inner column_width_percent=&#8220;100&#8243; gutter_size=&#8220;3&#8243; overlay_alpha=&#8220;50&#8243; shift_x=&#8220;0&#8243; shift_y=&#8220;0&#8243; shift_y_down=&#8220;0&#8243; z_index=&#8220;0&#8243; medium_width=&#8220;0&#8243; align_mobile=&#8220;align_center_mobile&#8220; mobile_width=&#8220;0&#8243; width=&#8220;1\/1&#8243;][vc_custom_heading heading_semantic=&#8220;h3&#8243; text_font=&#8220;font-156269&#8243; text_size=&#8220;h1&#8243; text_weight=&#8220;400&#8243; text_transform=&#8220;uppercase&#8220; text_height=&#8220;fontheight-357766&#8243; text_space=&#8220;fontspace-111509&#8243;]Die Mode als charmante Tyrannei.[\/vc_custom_heading][vc_custom_heading heading_semantic=&#8220;p&#8220; text_size=&#8220;h5&#8243; text_weight=&#8220;400&#8243; text_height=&#8220;fontheight-524109&#8243; text_space=&#8220;fontspace-781688&#8243; text_color=&#8220;color-wvjs&#8220;]Als ich die Lehre als Herrenma\u00dfschneider begann, erwachte der Gedanke, irgendwann eine kleine Boutique zu er\u00f6ffnen. Nach 8 Jahren schloss ich die Handwerksmeisterausblidung ab und er\u00f6ffnete meine Schneiderwerkstatt. Die Freude an Stoffen, Kn\u00f6pfen und Garnen, sowie die M\u00f6glichkeit der freien Kreativit\u00e4t inspirierte mich sehr. Im Fr\u00fchjahr 1995 mietete ich meinen ersten Laden auf 20 Quadratmeter in Burg Spreewald.<\/p>\n<p>Damit begann Luisa.[\/vc_custom_heading][\/vc_column_inner][\/vc_row_inner][vc_row_inner row_inner_height_percent=&#8220;0&#8243; overlay_alpha=&#8220;50&#8243; gutter_size=&#8220;4&#8243; shift_y=&#8220;0&#8243; z_index=&#8220;0&#8243; limit_content=&#8220;&#8220;][vc_column_inner column_width_percent=&#8220;100&#8243; gutter_size=&#8220;2&#8243; overlay_alpha=&#8220;50&#8243; shift_x=&#8220;0&#8243; shift_y=&#8220;0&#8243; shift_y_down=&#8220;0&#8243; z_index=&#8220;0&#8243; medium_width=&#8220;3&#8243; align_mobile=&#8220;align_center_mobile&#8220; mobile_width=&#8220;0&#8243; width=&#8220;1\/3&#8243;][uncode_counter value=&#8220;25&#8243; font=&#8220;font-156269&#8243; size=&#8220;h1&#8243; weight=&#8220;400&#8243; height=&#8220;fontheight-179065&#8243; dimension=&#8220;h1&#8243;][vc_custom_heading heading_semantic=&#8220;h3&#8243; text_font=&#8220;font-329340&#8243; text_size=&#8220;fontsize-160000&#8243; text_transform=&#8220;uppercase&#8220; text_space=&#8220;fontspace-210350&#8243;]Jahre Erfahrung als Boutique[\/vc_custom_heading][\/vc_column_inner][vc_column_inner column_width_percent=&#8220;100&#8243; gutter_size=&#8220;2&#8243; overlay_alpha=&#8220;50&#8243; shift_x=&#8220;0&#8243; shift_y=&#8220;0&#8243; shift_y_down=&#8220;0&#8243; z_index=&#8220;0&#8243; medium_width=&#8220;3&#8243; align_mobile=&#8220;align_center_mobile&#8220; mobile_width=&#8220;0&#8243; width=&#8220;1\/3&#8243;][uncode_counter value=&#8220;35&#8243; font=&#8220;font-156269&#8243; size=&#8220;h1&#8243; weight=&#8220;400&#8243; height=&#8220;fontheight-179065&#8243; dimension=&#8220;h1&#8243;][vc_custom_heading heading_semantic=&#8220;h3&#8243; text_font=&#8220;font-156269&#8243; text_size=&#8220;fontsize-160000&#8243; text_transform=&#8220;uppercase&#8220; text_space=&#8220;fontspace-210350&#8243;]Jahre Erfahrung als Meisterschneider[\/vc_custom_heading][\/vc_column_inner][vc_column_inner column_width_percent=&#8220;100&#8243; gutter_size=&#8220;2&#8243; overlay_alpha=&#8220;50&#8243; shift_x=&#8220;0&#8243; shift_y=&#8220;0&#8243; shift_y_down=&#8220;0&#8243; z_index=&#8220;0&#8243; medium_width=&#8220;3&#8243; align_mobile=&#8220;align_center_mobile&#8220; mobile_width=&#8220;0&#8243; width=&#8220;1\/3&#8243;][uncode_counter value=&#8220;800&#8243; font=&#8220;font-156269&#8243; size=&#8220;h1&#8243; weight=&#8220;400&#8243; height=&#8220;fontheight-179065&#8243; dimension=&#8220;h1&#8243;][vc_custom_heading heading_semantic=&#8220;h3&#8243; text_font=&#8220;font-156269&#8243; text_size=&#8220;fontsize-160000&#8243; text_transform=&#8220;uppercase&#8220; text_space=&#8220;fontspace-210350&#8243;]Stammkunden die nach wie vor den Luisa Service genie\u00dfen[\/vc_custom_heading][\/vc_column_inner][\/vc_row_inner][\/vc_column][vc_column column_width_percent=&#8220;100&#8243; position_vertical=&#8220;middle&#8220; gutter_size=&#8220;3&#8243; overlay_alpha=&#8220;50&#8243; shift_x=&#8220;0&#8243; shift_y=&#8220;0&#8243; shift_y_down=&#8220;0&#8243; z_index=&#8220;0&#8243; medium_width=&#8220;3&#8243; mobile_width=&#8220;0&#8243; width=&#8220;1\/3&#8243;][vc_single_image media=&#8220;87002&#8243; media_width_percent=&#8220;100&#8243; media_ratio=&#8220;three-four&#8220;][\/vc_column][\/vc_row][vc_row row_height_percent=&#8220;100&#8243; override_padding=&#8220;yes&#8220; h_padding=&#8220;2&#8243; top_padding=&#8220;4&#8243; bottom_padding=&#8220;4&#8243; back_color=&#8220;color-wayh&#8220; overlay_alpha=&#8220;0&#8243; gutter_size=&#8220;1&#8243; column_width_percent=&#8220;100&#8243; shift_y=&#8220;0&#8243; z_index=&#8220;1&#8243; enable_bottom_divider=&#8220;default&#8220; bottom_divider=&#8220;step&#8220; shape_bottom_h_use_pixel=&#8220;true&#8220; shape_bottom_height_percent=&#8220;33&#8243; shape_bottom_opacity=&#8220;100&#8243; shape_bottom_index=&#8220;0&#8243; row_name=&#8220;Portfolio&#8220;][vc_column column_width_percent=&#8220;100&#8243; position_vertical=&#8220;middle&#8220; align_horizontal=&#8220;align_center&#8220; gutter_size=&#8220;4&#8243; overlay_alpha=&#8220;50&#8243; shift_x=&#8220;0&#8243; shift_y=&#8220;0&#8243; shift_y_down=&#8220;0&#8243; z_index=&#8220;0&#8243; medium_width=&#8220;0&#8243; mobile_width=&#8220;0&#8243; zoom_width=&#8220;0&#8243; zoom_height=&#8220;0&#8243; width=&#8220;1\/1&#8243;][vc_row_inner limit_content=&#8220;&#8220;][vc_column_inner column_width_percent=&#8220;100&#8243; align_horizontal=&#8220;align_center&#8220; gutter_size=&#8220;3&#8243; style=&#8220;dark&#8220; overlay_alpha=&#8220;50&#8243; shift_x=&#8220;0&#8243; shift_y=&#8220;0&#8243; shift_y_down=&#8220;0&#8243; z_index=&#8220;0&#8243; medium_width=&#8220;0&#8243; mobile_width=&#8220;0&#8243; width=&#8220;1\/1&#8243;][vc_custom_heading text_font=&#8220;font-156269&#8243; text_size=&#8220;h1&#8243; text_weight=&#8220;400&#8243; text_transform=&#8220;uppercase&#8220; text_space=&#8220;fontspace-111509&#8243; css_animation=&#8220;curtain&#8220; animation_delay=&#8220;200&#8243;]Luisa`s Outfitblog[\/vc_custom_heading][\/vc_column_inner][\/vc_row_inner][uncode_index el_id=&#8220;index-1041816556233&#8243; index_type=&#8220;carousel&#8220; loop=&#8220;size:5|order_by:date|post_type:portfolio|taxonomy_count:10&#8243; carousel_lg=&#8220;1&#8243; carousel_md=&#8220;1&#8243; carousel_sm=&#8220;1&#8243; thumb_size=&#8220;fluid&#8220; carousel_height_viewport=&#8220;80&#8243; gutter_size=&#8220;5&#8243; product_items=&#8220;title,price,media|featured|onpost|original&#8220; portfolio_items=&#8220;title,media|featured|onpost|original&#8220; carousel_interval=&#8220;0&#8243; carousel_navspeed=&#8220;400&#8243; carousel_loop=&#8220;yes&#8220; carousel_overflow=&#8220;yes&#8220; carousel_dots=&#8220;yes&#8220; carousel_dots_space=&#8220;yes&#8220; carousel_dots_mobile=&#8220;yes&#8220; stage_padding=&#8220;0&#8243; single_text=&#8220;overlay&#8220; single_overlay_color=&#8220;color-wayh&#8220; single_overlay_opacity=&#8220;50&#8243; single_text_anim_type=&#8220;btt&#8220; single_image_anim=&#8220;no&#8220; single_h_align=&#8220;center&#8220; single_v_position=&#8220;bottom&#8220; single_padding=&#8220;3&#8243; single_text_reduced=&#8220;yes&#8220; single_title_family=&#8220;font-156269&#8243; single_title_dimension=&#8220;h3&#8243; single_title_weight=&#8220;400&#8243; single_title_transform=&#8220;uppercase&#8220; single_title_space=&#8220;fontspace-111509&#8243; single_shadow=&#8220;yes&#8220; shadow_weight=&#8220;sm&#8220; single_border=&#8220;yes&#8220; single_css_animation=&#8220;bottom-t-top&#8220; single_animation_delay=&#8220;200&#8243; single_animation_first=&#8220;yes&#8220; custom_order=&#8220;yes&#8220; order_ids=&#8220;19264,19265,18999,18996,18998,18995,18997,18967&#8243;][\/vc_column][\/vc_row][vc_row row_height_percent=&#8220;50&#8243; override_padding=&#8220;yes&#8220; h_padding=&#8220;2&#8243; top_padding=&#8220;4&#8243; bottom_padding=&#8220;4&#8243; back_color=&#8220;color-lxmt&#8220; overlay_alpha=&#8220;50&#8243; gutter_size=&#8220;3&#8243; column_width_percent=&#8220;100&#8243; shift_y=&#8220;0&#8243; z_index=&#8220;0&#8243; row_name=&#8220;Contact&#8220;][vc_column column_width_percent=&#8220;100&#8243; position_vertical=&#8220;middle&#8220; gutter_size=&#8220;4&#8243; overlay_alpha=&#8220;50&#8243; shift_x=&#8220;0&#8243; shift_y=&#8220;0&#8243; shift_y_down=&#8220;0&#8243; z_index=&#8220;0&#8243; medium_width=&#8220;0&#8243; mobile_width=&#8220;0&#8243; width=&#8220;1\/1&#8243;][vc_row_inner row_inner_height_percent=&#8220;0&#8243; overlay_alpha=&#8220;50&#8243; gutter_size=&#8220;4&#8243; shift_y=&#8220;0&#8243; z_index=&#8220;0&#8243; limit_content=&#8220;&#8220;][vc_column_inner column_width_percent=&#8220;100&#8243; align_horizontal=&#8220;align_center&#8220; gutter_size=&#8220;2&#8243; overlay_alpha=&#8220;50&#8243; shift_x=&#8220;0&#8243; shift_y=&#8220;0&#8243; shift_y_down=&#8220;0&#8243; z_index=&#8220;0&#8243; medium_width=&#8220;3&#8243; mobile_width=&#8220;0&#8243; width=&#8220;1\/3&#8243;][vc_icon icon=&#8220;fa fa-envelope2&#8243; size=&#8220;fa-3x&#8220;][\/vc_icon][vc_empty_space empty_h=&#8220;1&#8243;][vc_custom_heading heading_semantic=&#8220;h5&#8243; text_font=&#8220;font-156269&#8243; text_size=&#8220;fontsize-160000&#8243; text_transform=&#8220;uppercase&#8220; text_space=&#8220;fontspace-210350&#8243;]Email:[\/vc_custom_heading][vc_column_text]info@mode-luisa.de[\/vc_column_text][\/vc_column_inner][vc_column_inner column_width_percent=&#8220;100&#8243; align_horizontal=&#8220;align_center&#8220; gutter_size=&#8220;2&#8243; overlay_alpha=&#8220;50&#8243; shift_x=&#8220;0&#8243; shift_y=&#8220;0&#8243; shift_y_down=&#8220;0&#8243; z_index=&#8220;0&#8243; medium_width=&#8220;3&#8243; mobile_width=&#8220;0&#8243; width=&#8220;1\/3&#8243;][vc_icon icon=&#8220;fa fa-map3&#8243; size=&#8220;fa-3x&#8220;][\/vc_icon][vc_empty_space empty_h=&#8220;1&#8243;][vc_custom_heading heading_semantic=&#8220;h5&#8243; text_font=&#8220;font-156269&#8243; text_size=&#8220;fontsize-160000&#8243; text_transform=&#8220;uppercase&#8220; text_space=&#8220;fontspace-210350&#8243;]Standort:[\/vc_custom_heading][vc_column_text]Bahnhofstra\u00dfe 9<\/p>\n<p>03096 Burg (Spreewald)[\/vc_column_text][\/vc_column_inner][vc_column_inner column_width_percent=&#8220;100&#8243; align_horizontal=&#8220;align_center&#8220; gutter_size=&#8220;2&#8243; overlay_alpha=&#8220;50&#8243; shift_x=&#8220;0&#8243; shift_y=&#8220;0&#8243; shift_y_down=&#8220;0&#8243; z_index=&#8220;0&#8243; medium_width=&#8220;3&#8243; mobile_width=&#8220;0&#8243; width=&#8220;1\/3&#8243;][vc_icon icon=&#8220;fa fa-mobile2&#8243; size=&#8220;fa-3x&#8220;][\/vc_icon][vc_empty_space empty_h=&#8220;1&#8243;][vc_custom_heading heading_semantic=&#8220;h5&#8243; text_font=&#8220;font-156269&#8243; text_size=&#8220;fontsize-160000&#8243; text_transform=&#8220;uppercase&#8220; text_space=&#8220;fontspace-210350&#8243;]Telefonnummer:[\/vc_custom_heading][vc_column_text]035603 750661[\/vc_column_text][\/vc_column_inner][\/vc_row_inner][\/vc_column][\/vc_row][vc_row unlock_row_content=&#8220;yes&#8220; row_height_percent=&#8220;50&#8243; override_padding=&#8220;yes&#8220; h_padding=&#8220;0&#8243; top_padding=&#8220;0&#8243; bottom_padding=&#8220;0&#8243; back_color=&#8220;color-lxmt&#8220; overlay_alpha=&#8220;100&#8243; gutter_size=&#8220;100&#8243; column_width_percent=&#8220;100&#8243; shift_y=&#8220;0&#8243; z_index=&#8220;0&#8243; row_height_use_pixel=&#8220;yes&#8220; style=&#8220;inherited&#8220; row_height_pixel=&#8220;300&#8243;][vc_column column_width_percent=&#8220;100&#8243; position_horizontal=&#8220;left&#8220; expand_height=&#8220;yes&#8220; overlay_alpha=&#8220;100&#8243; medium_width=&#8220;0&#8243; width=&#8220;1\/1&#8243; zoom_width=&#8220;0&#8243; zoom_height=&#8220;0&#8243;][vc_gmaps zoom=&#8220;14&#8243; map_saturation=&#8220;-20&#8243; map_brightness=&#8220;5&#8243; address=&#8220;Bahnhofstra\u00dfe 9<br \/>\n03096 Burg Spreewald&#8220;][\/vc_column][\/vc_row]<\/p>\n","protected":false},"excerpt":{"rendered":"<p>[vc_row row_height_percent=&#8220;100&#8243; override_padding=&#8220;yes&#8220; h_padding=&#8220;2&#8243; top_padding=&#8220;0&#8243; bottom_padding=&#8220;3&#8243; back_color=&#8220;color-wayh&#8220; back_image=&#8220;86990&#8243; back_position=&#8220;center bottom&#8220; parallax=&#8220;yes&#8220; overlay_color=&#8220;color-wayh&#8220; overlay_alpha=&#8220;45&#8243; gutter_size=&#8220;3&#8243; column_width_percent=&#8220;100&#8243; shift_y=&#8220;0&#8243; z_index=&#8220;0&#8243; row_name=&#8220;Welcome&#8220;][vc_column column_width_use_pixel=&#8220;yes&#8220; align_horizontal=&#8220;align_center&#8220; [&hellip;]<\/p>\n","protected":false},"author":1,"featured_media":0,"parent":0,"menu_order":0,"comment_status":"open","ping_status":"closed","template":"","meta":[],"_links":{"self":[{"href":"https:\/\/mode-luisa.com\/index.php?rest_route=\/wp\/v2\/pages\/19064"}],"collection":[{"href":"https:\/\/mode-luisa.com\/index.php?rest_route=\/wp\/v2\/pages"}],"about":[{"href":"https:\/\/mode-luisa.com\/index.php?rest_route=\/wp\/v2\/types\/page"}],"author":[{"embeddable":true,"href":"https:\/\/mode-luisa.com\/index.php?rest_route=\/wp\/v2\/users\/1"}],"replies":[{"embeddable":true,"href":"https:\/\/mode-luisa.com\/index.php?rest_route=%2Fwp%2Fv2%2Fcomments&post=19064"}],"version-history":[{"count":36,"href":"https:\/\/mode-luisa.com\/index.php?rest_route=\/wp\/v2\/pages\/19064\/revisions"}],"predecessor-version":[{"id":87041,"href":"https:\/\/mode-luisa.com\/index.php?rest_route=\/wp\/v2\/pages\/19064\/revisions\/87041"}],"wp:attachment":[{"href":"https:\/\/mode-luisa.com\/index.php?rest_route=%2Fwp%2Fv2%2Fmedia&parent=19064"}],"curies":[{"name":"wp","href":"https:\/\/api.w.org\/{rel}","templated":true}]}}